{"id":1397,"date":"2018-05-15T15:19:35","date_gmt":"2018-05-15T12:19:35","guid":{"rendered":"https:\/\/anadoluparkrestaurant.com\/kurumsal\/"},"modified":"2025-05-01T14:39:14","modified_gmt":"2025-05-01T11:39:14","slug":"about-us","status":"publish","type":"page","link":"https:\/\/anadoluparkrestaurant.com\/en\/about-us\/","title":{"rendered":"About us"},"content":{"rendered":"<div class=\"wpb-content-wrapper\"><p>[vc_row][vc_column][vc_column_text css=&#8221;.vc_custom_1745858679411{padding-top: 180px !important;padding-right: 20px !important;padding-bottom: 20px !important;padding-left: 25% !important;background-image: url(https:\/\/anadoluparkrestaurant.com\/wp-content\/uploads\/anadolu-park-aksu-antalya-restaurant.webp?id=490) !important;}&#8221; el_class=&#8221;kurumsal2&#8243;]<\/p>\n<h2 style=\"color: #fff; text-align: right;\">From 1990 to the present, event venues in the forest park<\/h2>\n<p style=\"color: #fff; text-align: right;\">We are proud to protect the natural area of the fast growing city of Antalya and to be able to host a lot of guests.<\/p>\n<p>[\/vc_column_text][\/vc_column][\/vc_row][vc_row][vc_column][vc_column_text css=&#8221;&#8221;]<strong>Anadolu Park Wedding &#038; Event<\/strong> is more than just an event agency and wedding planner. It is the first place in <strong>Antalya <\/strong>that combines food, culture, and a park and sports complex.<\/p>\n<p>Since 1990, Anadolu Park Wedding &#038; Event has earned the trust of thousands of guests and has grown into a well-known <strong>wedding and event management company<\/strong> in Antalya. We are proud to delight our visitors with our food and the atmosphere of our special events. These events include theme nights, weddings, engagements, circumcision ceremonies, children&#8217;s parties, and graduations.<\/p>\n<p><strong>Anadolu Park Wedding &#038; Event<\/strong> is located in a 250-hectare pine forest. It has everything you need for events of all sizes. It has 32 separate barbecue areas and picturesque outdoor wedding gardens such as &#8220;Ugurlu&#8221; and &#8220;Sevgi&#8221;.<br \/>\nWe also have areas for children to play, green spaces for relaxing, and activities like paintball and a rope park for people who like being outdoors.<\/p>\n<p>We offer quality and flawless <strong>planning &amp; managing of events in Antalya<\/strong> for both local and international guests. Anadolu Park is a place where you can create warm memories and special moments that will last a lifetime.[\/vc_column_text][vc_single_image image=&#8221;592&#8243; img_size=&#8221;full&#8221;][vc_column_text css=&#8221;&#8221;]In 2011, H\u00fcrriyet newspaper listed <strong>Anadolu Park Wedding &#038; Event<\/strong> as one of the top 10 best places in Turkey for &#8220;snacks&#8221; category. H\u00fcrriyet also ranked Anadolu Park among the top 10 outdoor gardens, based on reviews from readers.<\/p>\n<p>We have hosted many famous soccer clubs over the years, including &#8220;Rubin Kazan&#8221;, &#8220;FC Dinamo Minsk&#8221;, and &#8220;Ajax&#8221;.<\/p>\n<p>Today, <strong>Anadolu Park<\/strong> offers quality food and <strong>event and wedding organization in Antalya<\/strong>, as well as active recreation. We have one of the most popular paintball fields in the region.<\/p>\n<p>There&#8217;s also a high-tech rope park (Fun Climbing) that was built according to German quality standards. It&#8217;s the first park in the city with the most routes, where you can feel both safety and adrenaline.[\/vc_column_text][vc_column_text]<\/p>\n<div class=\"shortcode-gallery dt-format-gallery gallery-col-6 galleryid-1397 dt-gallery-container shortcode-gallery-standard\" style=\"width: 100%;\"><a href=\"https:\/\/anadoluparkrestaurant.com\/wp-content\/uploads\/anadolu-park-restaurant-balik-et-aksu.webp\" class=\"rollover rollover-zoom dt-pswp-item layzr-bg\" title=\"anadolu-park-restaurant-balik-et-aksu\"  data-dt-img-description=\"\" data-large_image_width=\"700\" data-large_image_height = \"700\"><img fetchpriority=\"high\" decoding=\"async\" src=\"data:image\/svg+xml,%3Csvg%20xmlns%3D&#39;http%3A%2F%2Fwww.w3.org%2F2000%2Fsvg&#39;%20viewBox%3D&#39;0%200%20300%20300&#39;%2F%3E\" data-src=\"https:\/\/anadoluparkrestaurant.com\/wp-content\/uploads\/anadolu-park-restaurant-balik-et-aksu-300x300.webp\" data-srcset=\"https:\/\/anadoluparkrestaurant.com\/wp-content\/uploads\/anadolu-park-restaurant-balik-et-aksu-300x300.webp 300w, https:\/\/anadoluparkrestaurant.com\/wp-content\/uploads\/anadolu-park-restaurant-balik-et-aksu-600x600.webp 600w\" loading=\"eager\" style=\"--ratio: 300 \/ 300\" sizes=\"(max-width: 300px) 100vw, 300px\" class=\"preload-me lazy-load aspect\" width=\"300\" height=\"300\"  alt=\"anadolu-park-restaurant-balik-et-aksu\" title=\"anadolu-park-restaurant-balik-et-aksu\" \/><\/a><a href=\"https:\/\/anadoluparkrestaurant.com\/wp-content\/uploads\/anadolu-park-restaurant-orman.webp\" class=\"rollover rollover-zoom dt-pswp-item layzr-bg\" title=\"anadolu-park-restaurant-orman\"  data-dt-img-description=\"\" data-large_image_width=\"800\" data-large_image_height = \"800\"><img decoding=\"async\" src=\"data:image\/svg+xml,%3Csvg%20xmlns%3D&#39;http%3A%2F%2Fwww.w3.org%2F2000%2Fsvg&#39;%20viewBox%3D&#39;0%200%20300%20300&#39;%2F%3E\" data-src=\"https:\/\/anadoluparkrestaurant.com\/wp-content\/uploads\/anadolu-park-restaurant-orman-300x300.webp\" data-srcset=\"https:\/\/anadoluparkrestaurant.com\/wp-content\/uploads\/anadolu-park-restaurant-orman-300x300.webp 300w, https:\/\/anadoluparkrestaurant.com\/wp-content\/uploads\/anadolu-park-restaurant-orman-600x600.webp 600w\" loading=\"eager\" style=\"--ratio: 300 \/ 300\" sizes=\"(max-width: 300px) 100vw, 300px\" class=\"preload-me lazy-load aspect\" width=\"300\" height=\"300\"  alt=\"anadolu-park-restaurant-orman\" title=\"anadolu-park-restaurant-orman\" \/><\/a><a href=\"https:\/\/anadoluparkrestaurant.com\/wp-content\/uploads\/anadolu-park-restaurant-aksu-antalya.webp\" class=\"rollover rollover-zoom dt-pswp-item layzr-bg\" title=\"anadolu-park-restaurant-aksu-antalya\"  data-dt-img-description=\"\" data-large_image_width=\"800\" data-large_image_height = \"800\"><img decoding=\"async\" src=\"data:image\/svg+xml,%3Csvg%20xmlns%3D&#39;http%3A%2F%2Fwww.w3.org%2F2000%2Fsvg&#39;%20viewBox%3D&#39;0%200%20300%20300&#39;%2F%3E\" data-src=\"https:\/\/anadoluparkrestaurant.com\/wp-content\/uploads\/anadolu-park-restaurant-aksu-antalya-300x300.webp\" data-srcset=\"https:\/\/anadoluparkrestaurant.com\/wp-content\/uploads\/anadolu-park-restaurant-aksu-antalya-300x300.webp 300w, https:\/\/anadoluparkrestaurant.com\/wp-content\/uploads\/anadolu-park-restaurant-aksu-antalya-600x600.webp 600w\" loading=\"eager\" style=\"--ratio: 300 \/ 300\" sizes=\"(max-width: 300px) 100vw, 300px\" class=\"preload-me lazy-load aspect\" width=\"300\" height=\"300\"  alt=\"anadolu-park-restaurant-aksu-antalya\" title=\"anadolu-park-restaurant-aksu-antalya\" \/><\/a><a href=\"https:\/\/anadoluparkrestaurant.com\/wp-content\/uploads\/anadolu-park-restaurant-orman-doga.webp\" class=\"rollover rollover-zoom dt-pswp-item layzr-bg\" title=\"anadolu-park-restaurant-orman-doga\"  data-dt-img-description=\"\" data-large_image_width=\"800\" data-large_image_height = \"800\"><img decoding=\"async\" src=\"data:image\/svg+xml,%3Csvg%20xmlns%3D&#39;http%3A%2F%2Fwww.w3.org%2F2000%2Fsvg&#39;%20viewBox%3D&#39;0%200%20300%20300&#39;%2F%3E\" data-src=\"https:\/\/anadoluparkrestaurant.com\/wp-content\/uploads\/anadolu-park-restaurant-orman-doga-300x300.webp\" data-srcset=\"https:\/\/anadoluparkrestaurant.com\/wp-content\/uploads\/anadolu-park-restaurant-orman-doga-300x300.webp 300w, https:\/\/anadoluparkrestaurant.com\/wp-content\/uploads\/anadolu-park-restaurant-orman-doga-600x600.webp 600w\" loading=\"eager\" style=\"--ratio: 300 \/ 300\" sizes=\"(max-width: 300px) 100vw, 300px\" class=\"preload-me lazy-load aspect\" width=\"300\" height=\"300\"  alt=\"anadolu-park-restaurant-orman-doga\" title=\"anadolu-park-restaurant-orman-doga\" \/><\/a><a href=\"https:\/\/anadoluparkrestaurant.com\/wp-content\/uploads\/Anadolu-Park-Kir-Dugunu-\u00b2\u2070\u00b9\u2078-7.webp\" class=\"rollover rollover-zoom dt-pswp-item layzr-bg\" title=\"Anadolu Park K\u0131r D\u00fc\u011f\u00fcn\u00fc\u00b2\u2070\u00b9\u2078\"  data-dt-img-description=\"Anadolu Park K\u0131r D\u00fc\u011f\u00fcn\u00fc\u00b2\u2070\u00b9\u2078\" data-large_image_width=\"600\" data-large_image_height = \"800\"><img decoding=\"async\" src=\"data:image\/svg+xml,%3Csvg%20xmlns%3D&#39;http%3A%2F%2Fwww.w3.org%2F2000%2Fsvg&#39;%20viewBox%3D&#39;0%200%20300%20300&#39;%2F%3E\" data-src=\"https:\/\/anadoluparkrestaurant.com\/wp-content\/uploads\/Anadolu-Park-Kir-Dugunu-\u00b2\u2070\u00b9\u2078-7-300x300.webp\" data-srcset=\"https:\/\/anadoluparkrestaurant.com\/wp-content\/uploads\/Anadolu-Park-Kir-Dugunu-\u00b2\u2070\u00b9\u2078-7-300x300.webp 300w, https:\/\/anadoluparkrestaurant.com\/wp-content\/uploads\/Anadolu-Park-Kir-Dugunu-\u00b2\u2070\u00b9\u2078-7-600x600.webp 600w\" loading=\"eager\" style=\"--ratio: 300 \/ 300\" sizes=\"(max-width: 300px) 100vw, 300px\" class=\"preload-me lazy-load aspect\" width=\"300\" height=\"300\"  alt=\"Anadolu Park K\u0131r D\u00fc\u011f\u00fcn\u00fc\u00b2\u2070\u00b9\u2078\" title=\"Anadolu Park K\u0131r D\u00fc\u011f\u00fcn\u00fc\u00b2\u2070\u00b9\u2078\" \/><\/a><a href=\"https:\/\/anadoluparkrestaurant.com\/wp-content\/uploads\/Anadolu-Park-Kir-Dugunu-\u00b2\u2070\u00b9\u2078-6.webp\" class=\"rollover rollover-zoom dt-pswp-item layzr-bg\" title=\"Anadolu Park K\u0131r D\u00fc\u011f\u00fcn\u00fc\u00b2\u2070\u00b9\u2078\"  data-dt-img-description=\"\" data-large_image_width=\"600\" data-large_image_height = \"800\"><img decoding=\"async\" src=\"data:image\/svg+xml,%3Csvg%20xmlns%3D&#39;http%3A%2F%2Fwww.w3.org%2F2000%2Fsvg&#39;%20viewBox%3D&#39;0%200%20300%20300&#39;%2F%3E\" data-src=\"https:\/\/anadoluparkrestaurant.com\/wp-content\/uploads\/Anadolu-Park-Kir-Dugunu-\u00b2\u2070\u00b9\u2078-6-300x300.webp\" data-srcset=\"https:\/\/anadoluparkrestaurant.com\/wp-content\/uploads\/Anadolu-Park-Kir-Dugunu-\u00b2\u2070\u00b9\u2078-6-300x300.webp 300w, https:\/\/anadoluparkrestaurant.com\/wp-content\/uploads\/Anadolu-Park-Kir-Dugunu-\u00b2\u2070\u00b9\u2078-6-600x600.webp 600w\" loading=\"eager\" style=\"--ratio: 300 \/ 300\" sizes=\"(max-width: 300px) 100vw, 300px\" class=\"preload-me lazy-load aspect\" width=\"300\" height=\"300\"  alt=\"Anadolu Park K\u0131r D\u00fc\u011f\u00fcn\u00fc\u00b2\u2070\u00b9\u2078\" title=\"Anadolu Park K\u0131r D\u00fc\u011f\u00fcn\u00fc\u00b2\u2070\u00b9\u2078\" \/><\/a><a href=\"https:\/\/anadoluparkrestaurant.com\/wp-content\/uploads\/Anadolu-Park-Kir-Dugunu-\u00b2\u2070\u00b9\u2078-4.webp\" class=\"rollover rollover-zoom dt-pswp-item layzr-bg\" title=\"Anadolu Park K\u0131r D\u00fc\u011f\u00fcn\u00fc\u00b2\u2070\u00b9\u2078\"  data-dt-img-description=\"\" data-large_image_width=\"600\" data-large_image_height = \"800\"><img decoding=\"async\" src=\"data:image\/svg+xml,%3Csvg%20xmlns%3D&#39;http%3A%2F%2Fwww.w3.org%2F2000%2Fsvg&#39;%20viewBox%3D&#39;0%200%20300%20300&#39;%2F%3E\" data-src=\"https:\/\/anadoluparkrestaurant.com\/wp-content\/uploads\/Anadolu-Park-Kir-Dugunu-\u00b2\u2070\u00b9\u2078-4-300x300.webp\" data-srcset=\"https:\/\/anadoluparkrestaurant.com\/wp-content\/uploads\/Anadolu-Park-Kir-Dugunu-\u00b2\u2070\u00b9\u2078-4-300x300.webp 300w, https:\/\/anadoluparkrestaurant.com\/wp-content\/uploads\/Anadolu-Park-Kir-Dugunu-\u00b2\u2070\u00b9\u2078-4-600x600.webp 600w\" loading=\"eager\" style=\"--ratio: 300 \/ 300\" sizes=\"(max-width: 300px) 100vw, 300px\" class=\"preload-me lazy-load aspect\" width=\"300\" height=\"300\"  alt=\"Anadolu Park K\u0131r D\u00fc\u011f\u00fcn\u00fc\u00b2\u2070\u00b9\u2078\" title=\"Anadolu Park K\u0131r D\u00fc\u011f\u00fcn\u00fc\u00b2\u2070\u00b9\u2078\" \/><\/a><a href=\"https:\/\/anadoluparkrestaurant.com\/wp-content\/uploads\/Anadolu-Park-Kir-Dugunu-\u00b2\u2070\u00b9\u2078-9.webp\" class=\"rollover rollover-zoom dt-pswp-item layzr-bg\" title=\"Anadolu Park K\u0131r D\u00fc\u011f\u00fcn\u00fc\u00b2\u2070\u00b9\u2078\"  data-dt-img-description=\"\" data-large_image_width=\"600\" data-large_image_height = \"800\"><img decoding=\"async\" src=\"data:image\/svg+xml,%3Csvg%20xmlns%3D&#39;http%3A%2F%2Fwww.w3.org%2F2000%2Fsvg&#39;%20viewBox%3D&#39;0%200%20300%20300&#39;%2F%3E\" data-src=\"https:\/\/anadoluparkrestaurant.com\/wp-content\/uploads\/Anadolu-Park-Kir-Dugunu-\u00b2\u2070\u00b9\u2078-9-300x300.webp\" data-srcset=\"https:\/\/anadoluparkrestaurant.com\/wp-content\/uploads\/Anadolu-Park-Kir-Dugunu-\u00b2\u2070\u00b9\u2078-9-300x300.webp 300w, https:\/\/anadoluparkrestaurant.com\/wp-content\/uploads\/Anadolu-Park-Kir-Dugunu-\u00b2\u2070\u00b9\u2078-9-600x600.webp 600w\" loading=\"eager\" style=\"--ratio: 300 \/ 300\" sizes=\"(max-width: 300px) 100vw, 300px\" class=\"preload-me lazy-load aspect\" width=\"300\" height=\"300\"  alt=\"Anadolu Park K\u0131r D\u00fc\u011f\u00fcn\u00fc\u00b2\u2070\u00b9\u2078\" title=\"Anadolu Park K\u0131r D\u00fc\u011f\u00fcn\u00fc\u00b2\u2070\u00b9\u2078\" \/><\/a><a href=\"https:\/\/anadoluparkrestaurant.com\/wp-content\/uploads\/Anadolu-Park-Kir-Dugunu-\u00b2\u2070\u00b9\u2078-3.webp\" class=\"rollover rollover-zoom dt-pswp-item layzr-bg\" title=\"Anadolu Park K\u0131r D\u00fc\u011f\u00fcn\u00fc\u00b2\u2070\u00b9\u2078\"  data-dt-img-description=\"\" data-large_image_width=\"600\" data-large_image_height = \"800\"><img decoding=\"async\" src=\"data:image\/svg+xml,%3Csvg%20xmlns%3D&#39;http%3A%2F%2Fwww.w3.org%2F2000%2Fsvg&#39;%20viewBox%3D&#39;0%200%20300%20300&#39;%2F%3E\" data-src=\"https:\/\/anadoluparkrestaurant.com\/wp-content\/uploads\/Anadolu-Park-Kir-Dugunu-\u00b2\u2070\u00b9\u2078-3-300x300.webp\" data-srcset=\"https:\/\/anadoluparkrestaurant.com\/wp-content\/uploads\/Anadolu-Park-Kir-Dugunu-\u00b2\u2070\u00b9\u2078-3-300x300.webp 300w, https:\/\/anadoluparkrestaurant.com\/wp-content\/uploads\/Anadolu-Park-Kir-Dugunu-\u00b2\u2070\u00b9\u2078-3-600x600.webp 600w\" loading=\"eager\" style=\"--ratio: 300 \/ 300\" sizes=\"(max-width: 300px) 100vw, 300px\" class=\"preload-me lazy-load aspect\" width=\"300\" height=\"300\"  alt=\"Anadolu Park K\u0131r D\u00fc\u011f\u00fcn\u00fc\u00b2\u2070\u00b9\u2078\" title=\"Anadolu Park K\u0131r D\u00fc\u011f\u00fcn\u00fc\u00b2\u2070\u00b9\u2078\" \/><\/a><a href=\"https:\/\/anadoluparkrestaurant.com\/wp-content\/uploads\/Anadolu-Park-Kir-Dugunu-\u00b2\u2070\u00b9\u2078-1.webp\" class=\"rollover rollover-zoom dt-pswp-item layzr-bg\" title=\"Anadolu Park K\u0131r D\u00fc\u011f\u00fcn\u00fc\u00b2\u2070\u00b9\u2078\"  data-dt-img-description=\"\" data-large_image_width=\"600\" data-large_image_height = \"800\"><img decoding=\"async\" src=\"data:image\/svg+xml,%3Csvg%20xmlns%3D&#39;http%3A%2F%2Fwww.w3.org%2F2000%2Fsvg&#39;%20viewBox%3D&#39;0%200%20300%20300&#39;%2F%3E\" data-src=\"https:\/\/anadoluparkrestaurant.com\/wp-content\/uploads\/Anadolu-Park-Kir-Dugunu-\u00b2\u2070\u00b9\u2078-1-300x300.webp\" data-srcset=\"https:\/\/anadoluparkrestaurant.com\/wp-content\/uploads\/Anadolu-Park-Kir-Dugunu-\u00b2\u2070\u00b9\u2078-1-300x300.webp 300w, https:\/\/anadoluparkrestaurant.com\/wp-content\/uploads\/Anadolu-Park-Kir-Dugunu-\u00b2\u2070\u00b9\u2078-1-600x600.webp 600w\" loading=\"eager\" style=\"--ratio: 300 \/ 300\" sizes=\"(max-width: 300px) 100vw, 300px\" class=\"preload-me lazy-load aspect\" width=\"300\" height=\"300\"  alt=\"Anadolu Park K\u0131r D\u00fc\u011f\u00fcn\u00fc\u00b2\u2070\u00b9\u2078\" title=\"Anadolu Park K\u0131r D\u00fc\u011f\u00fcn\u00fc\u00b2\u2070\u00b9\u2078\" \/><\/a><a href=\"https:\/\/anadoluparkrestaurant.com\/wp-content\/uploads\/Anadolu-Park-Kapali-Dugun-Salonu-\u00b2\u2070\u00b9\u2078-2.webp\" class=\"rollover rollover-zoom dt-pswp-item layzr-bg\" title=\"Anadolu Park Kapal\u0131 D\u00fc\u011f\u00fcn Salonu\u00b2\u2070\u00b9\u2078\"  data-dt-img-description=\"\" data-large_image_width=\"600\" data-large_image_height = \"800\"><img decoding=\"async\" src=\"data:image\/svg+xml,%3Csvg%20xmlns%3D&#39;http%3A%2F%2Fwww.w3.org%2F2000%2Fsvg&#39;%20viewBox%3D&#39;0%200%20300%20300&#39;%2F%3E\" data-src=\"https:\/\/anadoluparkrestaurant.com\/wp-content\/uploads\/Anadolu-Park-Kapali-Dugun-Salonu-\u00b2\u2070\u00b9\u2078-2-300x300.webp\" data-srcset=\"https:\/\/anadoluparkrestaurant.com\/wp-content\/uploads\/Anadolu-Park-Kapali-Dugun-Salonu-\u00b2\u2070\u00b9\u2078-2-300x300.webp 300w, https:\/\/anadoluparkrestaurant.com\/wp-content\/uploads\/Anadolu-Park-Kapali-Dugun-Salonu-\u00b2\u2070\u00b9\u2078-2-600x600.webp 600w\" loading=\"eager\" style=\"--ratio: 300 \/ 300\" sizes=\"(max-width: 300px) 100vw, 300px\" class=\"preload-me lazy-load aspect\" width=\"300\" height=\"300\"  alt=\"Anadolu Park Kapal\u0131 D\u00fc\u011f\u00fcn Salonu\u00b2\u2070\u00b9\u2078\" title=\"Anadolu Park Kapal\u0131 D\u00fc\u011f\u00fcn Salonu\u00b2\u2070\u00b9\u2078\" \/><\/a><a href=\"https:\/\/anadoluparkrestaurant.com\/wp-content\/uploads\/Anadolu-Park-Kapali-Dugun-Salonu-\u00b2\u2070\u00b9\u2078-1.webp\" class=\"rollover rollover-zoom dt-pswp-item layzr-bg\" title=\"Anadolu Park Kapal\u0131 D\u00fc\u011f\u00fcn Salonu\u00b2\u2070\u00b9\u2078\"  data-dt-img-description=\"\" data-large_image_width=\"600\" data-large_image_height = \"800\"><img decoding=\"async\" src=\"data:image\/svg+xml,%3Csvg%20xmlns%3D&#39;http%3A%2F%2Fwww.w3.org%2F2000%2Fsvg&#39;%20viewBox%3D&#39;0%200%20300%20300&#39;%2F%3E\" data-src=\"https:\/\/anadoluparkrestaurant.com\/wp-content\/uploads\/Anadolu-Park-Kapali-Dugun-Salonu-\u00b2\u2070\u00b9\u2078-1-300x300.webp\" data-srcset=\"https:\/\/anadoluparkrestaurant.com\/wp-content\/uploads\/Anadolu-Park-Kapali-Dugun-Salonu-\u00b2\u2070\u00b9\u2078-1-300x300.webp 300w, https:\/\/anadoluparkrestaurant.com\/wp-content\/uploads\/Anadolu-Park-Kapali-Dugun-Salonu-\u00b2\u2070\u00b9\u2078-1-600x600.webp 600w\" loading=\"eager\" style=\"--ratio: 300 \/ 300\" sizes=\"(max-width: 300px) 100vw, 300px\" class=\"preload-me lazy-load aspect\" width=\"300\" height=\"300\"  alt=\"Anadolu Park Kapal\u0131 D\u00fc\u011f\u00fcn Salonu\u00b2\u2070\u00b9\u2078\" title=\"Anadolu Park Kapal\u0131 D\u00fc\u011f\u00fcn Salonu\u00b2\u2070\u00b9\u2078\" \/><\/a><\/div>\n<p>[\/vc_column_text][\/vc_column][\/vc_row]<\/p>\n<\/div>","protected":false},"excerpt":{"rendered":"<p>[vc_row][vc_column][vc_column_text css=&#8221;.vc_custom_1745858679411{padding-top: 180px !important;padding-right: 20px !important;padding-bottom: 20px !important;padding-left: 25% !important;background-image: url(https:\/\/anadoluparkrestaurant.com\/wp-content\/uploads\/anadolu-park-aksu-antalya-restaurant.webp?id=490) !important;}&#8221; el_class=&#8221;kurumsal2&#8243;] From 1990 to the present, event venues in the forest park We are proud to protect the natural area of the fast growing city of Antalya and to be able to host a lot of guests. [\/vc_column_text][\/vc_column][\/vc_row][vc_row][vc_column][vc_column_text css=&#8221;&#8221;]Anadolu Park Wedding &#038; Event&hellip;<\/p>\n","protected":false},"author":1,"featured_media":0,"parent":0,"menu_order":0,"comment_status":"closed","ping_status":"closed","template":"","meta":{"footnotes":""},"class_list":["post-1397","page","type-page","status-publish","hentry","description-off"],"aioseo_notices":[],"_links":{"self":[{"href":"https:\/\/anadoluparkrestaurant.com\/en\/wp-json\/wp\/v2\/pages\/1397","targetHints":{"allow":["GET"]}}],"collection":[{"href":"https:\/\/anadoluparkrestaurant.com\/en\/wp-json\/wp\/v2\/pages"}],"about":[{"href":"https:\/\/anadoluparkrestaurant.com\/en\/wp-json\/wp\/v2\/types\/page"}],"author":[{"embeddable":true,"href":"https:\/\/anadoluparkrestaurant.com\/en\/wp-json\/wp\/v2\/users\/1"}],"replies":[{"embeddable":true,"href":"https:\/\/anadoluparkrestaurant.com\/en\/wp-json\/wp\/v2\/comments?post=1397"}],"version-history":[{"count":0,"href":"https:\/\/anadoluparkrestaurant.com\/en\/wp-json\/wp\/v2\/pages\/1397\/revisions"}],"wp:attachment":[{"href":"https:\/\/anadoluparkrestaurant.com\/en\/wp-json\/wp\/v2\/media?parent=1397"}],"curies":[{"name":"wp","href":"https:\/\/api.w.org\/{rel}","templated":true}]}}