{"id":1361,"date":"2018-05-15T15:22:31","date_gmt":"2018-05-15T12:22:31","guid":{"rendered":"https:\/\/anadoluparkrestaurant.com\/iletisim\/"},"modified":"2025-05-01T14:39:24","modified_gmt":"2025-05-01T11:39:24","slug":"kontakty","status":"publish","type":"page","link":"https:\/\/anadoluparkrestaurant.com\/ru\/kontakty\/","title":{"rendered":"\u041a\u043e\u043d\u0442\u0430\u043a\u0442\u044b"},"content":{"rendered":"<div class=\"wpb-content-wrapper\"><p>[vc_row type=&#187;vc_default&#187;][vc_column][vc_column_text css=&#187;.vc_custom_1536922477808{margin-bottom: 20px !important;}&#187;]<\/p>\n<h2 style=\"color: #212121;\">\u041a\u043e\u043d\u0442\u0430\u043a\u0442\u044b<\/h2>\n<p><i class=\"fa fa-home\"><\/i>: Anadolu Park, Serik Caddesi, Konak Mahallesi, Aksu \u00c7\u0131k\u0131\u015f\u0131 &#8212; \u0410\u043d\u0442\u0430\u043b\u044c\u044f, 07112, \u0422\u0443\u0440\u0446\u0438\u044f<br \/>\n<i class=\"fa fa-phone\"><\/i>: +90 242 255 04 65<br \/>\n<a style=\"color: inherit; text-decoration: none;\" href=\"https:\/\/api.whatsapp.com\/send?phone=905364629323\"><i class=\"fa icon-chat-2\"><\/i> +90 536 462 93 23<\/a>, <a style=\"color: inherit; text-decoration: none;\" href=\"https:\/\/api.whatsapp.com\/send?phone=905554397090\"><i class=\"fa icon-chat-2\"><\/i> +90 555 439 70 90<\/a><br \/>\n<i class=\"fa fa-envelope-o\"><\/i>: cerenyeginaltay@gmail.com, mustafa-uyanik@yandex.com<br \/>\n<i class=\"fa fa-globe\"><\/i>: <a style=\"color: #009248;\" href=\"http:\/\/anadoluparkrestaurant.com\">http:\/\/anadoluparkrestaurant.com<\/a><br \/>\n<i class=\"fa fa-globe\"><\/i>: <a style=\"color: #009248;\" href=\"http:\/\/anadolupark.com.tr\">http:\/\/anadolupark.com.tr<\/a>[\/vc_column_text][\/vc_column][\/vc_row][vc_row][vc_column][vc_goo_maps location=&#187;36.94724657959257, 30.837202430617616&#8243; height=&#187;350px&#187; zoom=&#187;15&#8243; css=&#187;&#187;][\/vc_column][\/vc_row]<\/p>\n<\/div>","protected":false},"excerpt":{"rendered":"<p>[vc_row type=&#187;vc_default&#187;][vc_column][vc_column_text css=&#187;.vc_custom_1536922477808{margin-bottom: 20px !important;}&#187;] \u041a\u043e\u043d\u0442\u0430\u043a\u0442\u044b : Anadolu Park, Serik Caddesi, Konak Mahallesi, Aksu \u00c7\u0131k\u0131\u015f\u0131 &#8212; \u0410\u043d\u0442\u0430\u043b\u044c\u044f, 07112, \u0422\u0443\u0440\u0446\u0438\u044f : +90 242 255 04 65 +90 536 462 93 23, +90 555 439 70 90 : cerenyeginaltay@gmail.com, mustafa-uyanik@yandex.com : http:\/\/anadoluparkrestaurant.com : http:\/\/anadolupark.com.tr[\/vc_column_text][\/vc_column][\/vc_row][vc_row][vc_column][vc_goo_maps location=&#187;36.94724657959257, 30.837202430617616&#8243; height=&#187;350px&#187; zoom=&#187;15&#8243; css=&#187;&#187;][\/vc_column][\/vc_row]<\/p>\n","protected":false},"author":1,"featured_media":0,"parent":0,"menu_order":0,"comment_status":"closed","ping_status":"closed","template":"","meta":{"footnotes":""},"class_list":["post-1361","page","type-page","status-publish","hentry","description-off"],"aioseo_notices":[],"_links":{"self":[{"href":"https:\/\/anadoluparkrestaurant.com\/ru\/wp-json\/wp\/v2\/pages\/1361","targetHints":{"allow":["GET"]}}],"collection":[{"href":"https:\/\/anadoluparkrestaurant.com\/ru\/wp-json\/wp\/v2\/pages"}],"about":[{"href":"https:\/\/anadoluparkrestaurant.com\/ru\/wp-json\/wp\/v2\/types\/page"}],"author":[{"embeddable":true,"href":"https:\/\/anadoluparkrestaurant.com\/ru\/wp-json\/wp\/v2\/users\/1"}],"replies":[{"embeddable":true,"href":"https:\/\/anadoluparkrestaurant.com\/ru\/wp-json\/wp\/v2\/comments?post=1361"}],"version-history":[{"count":0,"href":"https:\/\/anadoluparkrestaurant.com\/ru\/wp-json\/wp\/v2\/pages\/1361\/revisions"}],"wp:attachment":[{"href":"https:\/\/anadoluparkrestaurant.com\/ru\/wp-json\/wp\/v2\/media?parent=1361"}],"curies":[{"name":"wp","href":"https:\/\/api.w.org\/{rel}","templated":true}]}}